{"id":2949,"date":"2018-08-25T11:28:25","date_gmt":"2018-08-25T11:28:25","guid":{"rendered":"https:\/\/www.perfektive.com\/iletisim\/"},"modified":"2026-02-08T08:43:34","modified_gmt":"2026-02-08T08:43:34","slug":"iletisim","status":"publish","type":"page","link":"https:\/\/www.perfektive.com\/tr\/iletisim\/","title":{"rendered":"\u0130leti\u015fim"},"content":{"rendered":"\t\t<div data-elementor-type=\"wp-post\" data-elementor-id=\"2949\" class=\"elementor elementor-2949 elementor-40\">\n\t\t\t\t\t\t<section class=\"elementor-section elementor-top-section elementor-element elementor-element-25d8b83 elementor-section-full_width elementor-section-height-default elementor-section-height-default\" data-id=\"25d8b83\" data-element_type=\"section\">\n\t\t\t\t\t\t<div class=\"elementor-container elementor-column-gap-default\">\n\t\t\t\t\t<div class=\"elementor-column elementor-col-100 elementor-top-column elementor-element elementor-element-d457d96\" data-id=\"d457d96\" data-element_type=\"column\">\n\t\t\t<div class=\"elementor-widget-wrap elementor-element-populated\">\n\t\t\t\t\t\t<div class=\"elementor-element elementor-element-bc2f200 elementor-widget elementor-widget-google_maps\" data-id=\"bc2f200\" data-element_type=\"widget\" data-widget_type=\"google_maps.default\">\n\t\t\t\t<div class=\"elementor-widget-container\">\n\t\t\t\t\t\t\t<div class=\"elementor-custom-embed\">\n\t\t\t<iframe loading=\"lazy\"\n\t\t\t\t\tsrc=\"https:\/\/maps.google.com\/maps?q=Perfektive%20EHS%20Solutions%E2%80%A8Im%20Mediapark%205%E2%80%A850670%20K%C3%B6ln%E2%80%A8HRB%20120057&#038;t=m&#038;z=15&#038;output=embed&#038;iwloc=near\"\n\t\t\t\t\ttitle=\"Perfektive EHS Solutions\u2028Im Mediapark 5\u202850670 K\u00f6ln\u2028HRB 120057\"\n\t\t\t\t\taria-label=\"Perfektive EHS Solutions\u2028Im Mediapark 5\u202850670 K\u00f6ln\u2028HRB 120057\"\n\t\t\t><\/iframe>\n\t\t<\/div>\n\t\t\t\t\t\t<\/div>\n\t\t\t\t<\/div>\n\t\t\t\t\t<\/div>\n\t\t<\/div>\n\t\t\t\t\t<\/div>\n\t\t<\/section>\n\t\t\t\t<section class=\"elementor-section elementor-top-section elementor-element elementor-element-ad2a676 elementor-section-full_width elementor-section-height-default elementor-section-height-default\" data-id=\"ad2a676\" data-element_type=\"section\">\n\t\t\t\t\t\t<div class=\"elementor-container elementor-column-gap-default\">\n\t\t\t\t\t<div class=\"elementor-column elementor-col-50 elementor-top-column elementor-element elementor-element-f8cbe87\" data-id=\"f8cbe87\" data-element_type=\"column\" data-settings=\"{&quot;background_background&quot;:&quot;classic&quot;}\">\n\t\t\t<div class=\"elementor-widget-wrap elementor-element-populated\">\n\t\t\t\t\t\t<div class=\"elementor-element elementor-element-4f03643 elementor-widget elementor-widget-heading\" data-id=\"4f03643\" data-element_type=\"widget\" data-widget_type=\"heading.default\">\n\t\t\t\t<div class=\"elementor-widget-container\">\n\t\t\t\t\t<h2 class=\"elementor-heading-title elementor-size-default\">Bizimle \u0130leti\u015fime Ge\u00e7in<\/h2>\t\t\t\t<\/div>\n\t\t\t\t<\/div>\n\t\t\t\t<div class=\"elementor-element elementor-element-4b3bdd2 contact-form elementor-widget elementor-widget-shortcode\" data-id=\"4b3bdd2\" data-element_type=\"widget\" data-widget_type=\"shortcode.default\">\n\t\t\t\t<div class=\"elementor-widget-container\">\n\t\t\t\t\t\t\t<div class=\"elementor-shortcode\">\n<div class=\"wpcf7 no-js\" id=\"wpcf7-f2953-o1\" lang=\"tr-TR\" dir=\"ltr\" data-wpcf7-id=\"2953\">\n<div class=\"screen-reader-response\"><p role=\"status\" aria-live=\"polite\" aria-atomic=\"true\"><\/p> <ul><\/ul><\/div>\n<form action=\"\/tr\/wp-json\/wp\/v2\/pages\/2949#wpcf7-f2953-o1\" method=\"post\" class=\"wpcf7-form init\" aria-label=\"\u0130leti\u015fim Formu\" novalidate=\"novalidate\" data-status=\"init\">\n<div style=\"display: none;\">\n<input type=\"hidden\" name=\"_wpcf7\" value=\"2953\" \/>\n<input type=\"hidden\" name=\"_wpcf7_version\" value=\"6.0.6\" \/>\n<input type=\"hidden\" name=\"_wpcf7_locale\" value=\"tr_TR\" \/>\n<input type=\"hidden\" name=\"_wpcf7_unit_tag\" value=\"wpcf7-f2953-o1\" \/>\n<input type=\"hidden\" name=\"_wpcf7_container_post\" value=\"0\" \/>\n<input type=\"hidden\" name=\"_wpcf7_posted_data_hash\" value=\"\" \/>\n<\/div>\n<p><label> Ad\u0131n\u0131z <span>*<\/span><br \/>\n<span class=\"wpcf7-form-control-wrap\" data-name=\"your-name\"><input size=\"40\" maxlength=\"400\" class=\"wpcf7-form-control wpcf7-text wpcf7-validates-as-required\" aria-required=\"true\" aria-invalid=\"false\" value=\"\" type=\"text\" name=\"your-name\" \/><\/span> <\/label>\n<\/p>\n<p><label> E-postan\u0131z <span>*<\/span><br \/>\n<span class=\"wpcf7-form-control-wrap\" data-name=\"your-email\"><input size=\"40\" maxlength=\"400\" class=\"wpcf7-form-control wpcf7-email wpcf7-validates-as-required wpcf7-text wpcf7-validates-as-email\" aria-required=\"true\" aria-invalid=\"false\" value=\"\" type=\"email\" name=\"your-email\" \/><\/span> <\/label>\n<\/p>\n<p><label> Konu <span>*<\/span><br \/>\n<span class=\"wpcf7-form-control-wrap\" data-name=\"your-subject\"><input size=\"40\" maxlength=\"400\" class=\"wpcf7-form-control wpcf7-text wpcf7-validates-as-required\" aria-required=\"true\" aria-invalid=\"false\" value=\"\" type=\"text\" name=\"your-subject\" \/><\/span> <\/label>\n<\/p>\n<p><label> Mesaj\u0131n\u0131z<br \/>\n<span class=\"wpcf7-form-control-wrap\" data-name=\"your-message\"><textarea cols=\"40\" rows=\"10\" maxlength=\"2000\" class=\"wpcf7-form-control wpcf7-textarea\" aria-invalid=\"false\" name=\"your-message\"><\/textarea><\/span> <\/label>\n<\/p>\n<p><input class=\"wpcf7-form-control wpcf7-submit has-spinner\" type=\"submit\" value=\"G\u00f6nder\" \/>\n<\/p><div class=\"wpcf7-response-output\" aria-hidden=\"true\"><\/div>\n<\/form>\n<\/div>\n<\/div>\n\t\t\t\t\t\t<\/div>\n\t\t\t\t<\/div>\n\t\t\t\t\t<\/div>\n\t\t<\/div>\n\t\t\t\t<div class=\"elementor-column elementor-col-50 elementor-top-column elementor-element elementor-element-d5659c3\" data-id=\"d5659c3\" data-element_type=\"column\">\n\t\t\t<div class=\"elementor-widget-wrap elementor-element-populated\">\n\t\t\t\t\t\t<div class=\"elementor-element elementor-element-c3b856e elementor-widget elementor-widget-frel-location-list\" data-id=\"c3b856e\" data-element_type=\"widget\" data-widget_type=\"frel-location-list.default\">\n\t\t\t\t<div class=\"elementor-widget-container\">\n\t\t\t\t\t<div class=\"cons_w_wrapper\"><div class=\"fn_cs_location_list\"><ul class=\"list \"><li><div class=\"item\"><div class=\"title_holder \"><span class=\"icon_wrapper\"><span class=\"icon\"><img decoding=\"async\" class=\"industify_w_fn_svg\" src=\"https:\/\/www.perfektive.com\/wp-content\/plugins\/industify-core\/shortcode\/assets\/svg\/location.svg\" alt=\"\" \/><\/span><span class=\"shape\"><\/span><\/span><h3>T\u00fcrkiye Office<\/h3><\/div><div class=\"content_holder\"><p><span>Re\u015fitpa\u015fa Mh Teknokent ARI4 4 Binas\u0131, <span><\/span>Re\u015fitpa\u015fa, Katar Cd 50 \/ 6, 34467 Sar\u0131yer\/\u0130stanbul<\/span><\/p><\/div><\/div><\/li><li><div class=\"item\"><div class=\"title_holder \"><span class=\"icon_wrapper\"><span class=\"icon\"><img decoding=\"async\" class=\"industify_w_fn_svg\" src=\"https:\/\/www.perfektive.com\/wp-content\/plugins\/industify-core\/shortcode\/assets\/svg\/location.svg\" alt=\"\" \/><\/span><span class=\"shape\"><\/span><\/span><h3>Germany<\/h3><\/div><div class=\"content_holder\"><p><span>Perfektive EHS Solutions\u2028Im <span><\/span>Mediapark 5\u2028 50670 <span><\/span>K\u00f6ln\u2028 HRB 120057<\/span><\/p><\/div><\/div><\/li><\/ul><\/div><\/div>\t\t\t\t<\/div>\n\t\t\t\t<\/div>\n\t\t\t\t\t<\/div>\n\t\t<\/div>\n\t\t\t\t\t<\/div>\n\t\t<\/section>\n\t\t\t\t<section class=\"elementor-section elementor-top-section elementor-element elementor-element-2c8bce1 elementor-section-full_width elementor-section-height-default elementor-section-height-default\" data-id=\"2c8bce1\" data-element_type=\"section\">\n\t\t\t\t\t\t<div class=\"elementor-container elementor-column-gap-default\">\n\t\t\t\t\t<div class=\"elementor-column elementor-col-100 elementor-top-column elementor-element elementor-element-01b65f2\" data-id=\"01b65f2\" data-element_type=\"column\">\n\t\t\t<div class=\"elementor-widget-wrap\">\n\t\t\t\t\t\t\t<\/div>\n\t\t<\/div>\n\t\t\t\t\t<\/div>\n\t\t<\/section>\n\t\t\t\t<section class=\"elementor-section elementor-top-section elementor-element elementor-element-20d2075 elementor-section-boxed elementor-section-height-default elementor-section-height-default\" data-id=\"20d2075\" data-element_type=\"section\">\n\t\t\t\t\t\t<div class=\"elementor-container elementor-column-gap-default\">\n\t\t\t\t\t<div class=\"elementor-column elementor-col-100 elementor-top-column elementor-element elementor-element-7853eb0\" data-id=\"7853eb0\" data-element_type=\"column\">\n\t\t\t<div class=\"elementor-widget-wrap elementor-element-populated\">\n\t\t\t\t\t\t<div class=\"elementor-element elementor-element-bd6a9d4 book-demo-sec elementor-widget elementor-widget-frel-introduce\" data-id=\"bd6a9d4\" data-element_type=\"widget\" data-widget_type=\"frel-introduce.default\">\n\t\t\t\t<div class=\"elementor-widget-container\">\n\t\t\t\t\t<div class=\"cons_w_wrapper\"><div class=\"fn_cs_introduce_wrap fn_cs_lightgallery\" data-url-show=\"yes\" data-wing-switch=\"disable\"><div class=\"container\"><div class=\"fn_cs_introduce\"><span class=\"wing11\"><\/span><span class=\"wing12\"><\/span><span class=\"wing21\"><\/span><span class=\"wing22\"><\/span><span class=\"video lightbox\"   data-src=\"https:\/\/www.youtube.com\/watch?v=4sCMGhVX5Ts\" ><span><\/span><\/span><div class=\"bg\"><div class=\"o_color\"><\/div><div class=\"o_image\" data-bg-img=\"\"><\/div><\/div><div class=\"content_holder\"><div class=\"title_holder\"><h5><\/h5><h3>Book Your Live Demo<\/h3><p>Tell us a little about yourself and our team will contact you to schedule a 30 minute live demo.<\/p><\/div><div class=\"badge_holder\"><div class=\"title\"><h3>Working with Forbes 500 companies<\/h3><\/div><div class=\"content\"><span class=\"year\">10+<\/span><span>years of\nexperience<\/span><\/div><\/div><\/div><\/div><\/div><\/div><\/div>\t\t\t\t<\/div>\n\t\t\t\t<\/div>\n\t\t\t\t<div class=\"elementor-element elementor-element-eaa0a50 play-animation elementor-widget elementor-widget-image\" data-id=\"eaa0a50\" data-element_type=\"widget\" data-widget_type=\"image.default\">\n\t\t\t\t<div class=\"elementor-widget-container\">\n\t\t\t\t\t\t\t\t\t\t\t\t\t\t\t\t<a href=\"https:\/\/www.perfektive.com\/tr\/iletisim\/ihtiyaclarinizi-konusalim\/\">\n\t\t\t\t\t\t\t<img decoding=\"async\" width=\"105\" height=\"105\" src=\"https:\/\/www.perfektive.com\/wp-content\/uploads\/2025\/04\/play-img.png\" class=\"attachment-full size-full wp-image-2844\" alt=\"\" srcset=\"https:\/\/www.perfektive.com\/wp-content\/uploads\/2025\/04\/play-img.png 105w, https:\/\/www.perfektive.com\/wp-content\/uploads\/2025\/04\/play-img-100x100.png 100w\" sizes=\"(max-width: 105px) 100vw, 105px\" \/>\t\t\t\t\t\t\t\t<\/a>\n\t\t\t\t\t\t\t\t\t\t\t\t\t\t\t<\/div>\n\t\t\t\t<\/div>\n\t\t\t\t\t<\/div>\n\t\t<\/div>\n\t\t\t\t\t<\/div>\n\t\t<\/section>\n\t\t\t\t<\/div>\n\t\t","protected":false},"excerpt":{"rendered":"<p>Bizimle \u0130leti\u015fime Ge\u00e7in T\u00fcrkiye Office Re\u015fitpa\u015fa Mh Teknokent ARI4 4 Binas\u0131, Re\u015fitpa\u015fa, Katar Cd 50 \/ 6, 34467 Sar\u0131yer\/\u0130stanbul Germany Perfektive EHS Solutions\u2028Im Mediapark 5\u2028 50670 K\u00f6ln\u2028 HRB 120057 Book Your Live Demo Tell us a little about yourself and our team will contact you to schedule a 30 minute live demo. Working with Forbes [&hellip;]<\/p>\n","protected":false},"author":1,"featured_media":0,"parent":0,"menu_order":0,"comment_status":"closed","ping_status":"closed","template":"","meta":{"footnotes":""},"class_list":["post-2949","page","type-page","status-publish","hentry"],"_links":{"self":[{"href":"https:\/\/www.perfektive.com\/tr\/wp-json\/wp\/v2\/pages\/2949","targetHints":{"allow":["GET"]}}],"collection":[{"href":"https:\/\/www.perfektive.com\/tr\/wp-json\/wp\/v2\/pages"}],"about":[{"href":"https:\/\/www.perfektive.com\/tr\/wp-json\/wp\/v2\/types\/page"}],"author":[{"embeddable":true,"href":"https:\/\/www.perfektive.com\/tr\/wp-json\/wp\/v2\/users\/1"}],"replies":[{"embeddable":true,"href":"https:\/\/www.perfektive.com\/tr\/wp-json\/wp\/v2\/comments?post=2949"}],"version-history":[{"count":3,"href":"https:\/\/www.perfektive.com\/tr\/wp-json\/wp\/v2\/pages\/2949\/revisions"}],"predecessor-version":[{"id":3581,"href":"https:\/\/www.perfektive.com\/tr\/wp-json\/wp\/v2\/pages\/2949\/revisions\/3581"}],"wp:attachment":[{"href":"https:\/\/www.perfektive.com\/tr\/wp-json\/wp\/v2\/media?parent=2949"}],"curies":[{"name":"wp","href":"https:\/\/api.w.org\/{rel}","templated":true}]}}