{"id":2945,"date":"2025-04-17T06:00:11","date_gmt":"2025-04-17T06:00:11","guid":{"rendered":"https:\/\/www.perfektive.com\/cozumlerimiz\/entegrasyonlar\/"},"modified":"2025-09-03T18:16:46","modified_gmt":"2025-09-03T18:16:46","slug":"entegrasyonlar","status":"publish","type":"page","link":"https:\/\/www.perfektive.com\/tr\/cozumlerimiz\/entegrasyonlar\/","title":{"rendered":"Entegrasyonlar"},"content":{"rendered":"\t\t<div data-elementor-type=\"wp-page\" data-elementor-id=\"2945\" class=\"elementor elementor-2945 elementor-1606\">\n\t\t\t\t<div class=\"elementor-element elementor-element-79e8eff e-flex e-con-boxed e-con e-parent\" data-id=\"79e8eff\" data-element_type=\"container\">\n\t\t\t\t\t<div class=\"e-con-inner\">\n\t\t\t\t<div class=\"elementor-element elementor-element-70f01cb elementor-widget elementor-widget-image\" data-id=\"70f01cb\" data-element_type=\"widget\" data-widget_type=\"image.default\">\n\t\t\t\t<div class=\"elementor-widget-container\">\n\t\t\t\t\t\t\t\t\t\t\t\t\t\t\t<img fetchpriority=\"high\" decoding=\"async\" width=\"600\" height=\"600\" src=\"https:\/\/www.perfektive.com\/wp-content\/uploads\/2018\/08\/Peraccess.jpg\" class=\"attachment-full size-full wp-image-2899\" alt=\"\" srcset=\"https:\/\/www.perfektive.com\/wp-content\/uploads\/2018\/08\/Peraccess.jpg 600w, https:\/\/www.perfektive.com\/wp-content\/uploads\/2018\/08\/Peraccess-300x300.jpg 300w, https:\/\/www.perfektive.com\/wp-content\/uploads\/2018\/08\/Peraccess-150x150.jpg 150w, https:\/\/www.perfektive.com\/wp-content\/uploads\/2018\/08\/Peraccess-100x100.jpg 100w\" sizes=\"(max-width: 600px) 100vw, 600px\" \/>\t\t\t\t\t\t\t\t\t\t\t\t\t\t\t<\/div>\n\t\t\t\t<\/div>\n\t\t\t\t\t<\/div>\n\t\t\t\t<\/div>\n\t\t\t\t<section class=\"elementor-section elementor-top-section elementor-element elementor-element-266d7bd elementor-section-full_width elementor-section-height-default elementor-section-height-default\" data-id=\"266d7bd\" data-element_type=\"section\">\n\t\t\t\t\t\t<div class=\"elementor-container elementor-column-gap-default\">\n\t\t\t\t\t<div class=\"elementor-column elementor-col-100 elementor-top-column elementor-element elementor-element-bcbc8a2\" data-id=\"bcbc8a2\" data-element_type=\"column\">\n\t\t\t<div class=\"elementor-widget-wrap elementor-element-populated\">\n\t\t\t\t\t\t<div class=\"elementor-element elementor-element-ab774b0 elementor-widget elementor-widget-text-editor\" data-id=\"ab774b0\" data-element_type=\"widget\" data-widget_type=\"text-editor.default\">\n\t\t\t\t<div class=\"elementor-widget-container\">\n\t\t\t\t\t\t\t\t\t<p>\u0130SG yaz\u0131l\u0131m\u0131n\u0131n ERP (Kurumsal Kaynak Planlama) sistemleriyle entegrasyonu, operasyonlar\u0131 kolayla\u015ft\u0131rmak ve genel i\u015f verimlili\u011fini art\u0131rmak i\u00e7in hayati \u00f6nem ta\u015f\u0131r. Bu sistemleri birbirine ba\u011flayarak, kurulu\u015flar EHS verilerini y\u00f6netmek, uyumlulu\u011fu iyile\u015ftirmek ve ger\u00e7ek zamanl\u0131 bilgilerden de\u011ferli i\u00e7g\u00f6r\u00fcler elde etmek i\u00e7in birle\u015fik bir platform olu\u015fturabilirler. Bu entegrasyon, daha iyi karar alma, daha az risk ve daha iyi g\u00fcvenlik performans\u0131 sa\u011flar.&nbsp;  &nbsp;<\/p>\n<p>Perfektive, ERP&#8217;lerin yan\u0131 s\u0131ra, kurulu\u015funuzun verimli EHS operasyonlar\u0131n\u0131 kolayla\u015ft\u0131rmak i\u00e7in kulland\u0131\u011f\u0131 \u00e7ok \u00e7e\u015fitli yaz\u0131l\u0131m ve veritabanlar\u0131na entegre edilebilir.&nbsp;<\/p>\t\t\t\t\t\t\t\t<\/div>\n\t\t\t\t<\/div>\n\t\t\t\t<div class=\"elementor-element elementor-element-055ddde elementor-widget elementor-widget-frel-check-list\" data-id=\"055ddde\" data-element_type=\"widget\" data-widget_type=\"frel-check-list.default\">\n\t\t\t\t<div class=\"elementor-widget-container\">\n\t\t\t\t\t<div class=\"cons_w_wrapper\"><div class=\"fn_cs_check_list\"><h3>Hizmet \u00d6zellikleri<\/h3><div class=\"list\"><ul><li><div class=\"item\"><img decoding=\"async\" class=\"industify_w_fn_svg\" src=\"https:\/\/www.perfektive.com\/wp-content\/plugins\/industify-core\/shortcode\/assets\/svg\/check.svg\" alt=\"\" \/><p>\u0130nsan Kaynaklar\u0131 \/ ERP<\/p><\/div><\/li><li><div class=\"item\"><img decoding=\"async\" class=\"industify_w_fn_svg\" src=\"https:\/\/www.perfektive.com\/wp-content\/plugins\/industify-core\/shortcode\/assets\/svg\/check.svg\" alt=\"\" \/><p>LMS \/ \u00d6\u011frenme Y\u00f6netimi<\/p><\/div><\/li><li><div class=\"item\"><img decoding=\"async\" class=\"industify_w_fn_svg\" src=\"https:\/\/www.perfektive.com\/wp-content\/plugins\/industify-core\/shortcode\/assets\/svg\/check.svg\" alt=\"\" \/><p>Ekipman<\/p><\/div><\/li><li><div class=\"item\"><img decoding=\"async\" class=\"industify_w_fn_svg\" src=\"https:\/\/www.perfektive.com\/wp-content\/plugins\/industify-core\/shortcode\/assets\/svg\/check.svg\" alt=\"\" \/><p>Metrikler<\/p><\/div><\/li><li><div class=\"item\"><img decoding=\"async\" class=\"industify_w_fn_svg\" src=\"https:\/\/www.perfektive.com\/wp-content\/plugins\/industify-core\/shortcode\/assets\/svg\/check.svg\" alt=\"\" \/><p>NCR \/ Bulgular<\/p><\/div><\/li><li><div class=\"item\"><img decoding=\"async\" class=\"industify_w_fn_svg\" src=\"https:\/\/www.perfektive.com\/wp-content\/plugins\/industify-core\/shortcode\/assets\/svg\/check.svg\" alt=\"\" \/><p>D\u00d6F\u2019ler (D\u00fczeltici ve \u00d6nleyici Faaliyetler)<\/p><\/div><\/li><li><div class=\"item\"><img decoding=\"async\" class=\"industify_w_fn_svg\" src=\"https:\/\/www.perfektive.com\/wp-content\/plugins\/industify-core\/shortcode\/assets\/svg\/check.svg\" alt=\"\" \/><p>Hastal\u0131k \u0130zni Raporlar\u0131<\/p><\/div><\/li><li><div class=\"item\"><img decoding=\"async\" class=\"industify_w_fn_svg\" src=\"https:\/\/www.perfektive.com\/wp-content\/plugins\/industify-core\/shortcode\/assets\/svg\/check.svg\" alt=\"\" \/><p>\u0130\u015fe Uygunluk<\/p><\/div><\/li><li><div class=\"item\"><img decoding=\"async\" class=\"industify_w_fn_svg\" src=\"https:\/\/www.perfektive.com\/wp-content\/plugins\/industify-core\/shortcode\/assets\/svg\/check.svg\" alt=\"\" \/><p>Toplu Belge<\/p><\/div><\/li><li><div class=\"item\"><img decoding=\"async\" class=\"industify_w_fn_svg\" src=\"https:\/\/www.perfektive.com\/wp-content\/plugins\/industify-core\/shortcode\/assets\/svg\/check.svg\" alt=\"\" \/><p>Belge G\u00fcnl\u00fc\u011f\u00fc<\/p><\/div><\/li><\/ul><\/div><\/div><\/div>\t\t\t\t<\/div>\n\t\t\t\t<\/div>\n\t\t\t\t<div class=\"elementor-element elementor-element-dba5926 elementor-widget elementor-widget-frel-call-to-action\" data-id=\"dba5926\" data-element_type=\"widget\" data-widget_type=\"frel-call-to-action.default\">\n\t\t\t\t<div class=\"elementor-widget-container\">\n\t\t\t\t\t<div class=\"cons_w_wrapper\"><div class=\"fn_cs_call_to_action\"><div class=\"container\"><div class=\"cta_holder\"><div class=\"title_holder\"><h3>Canl\u0131 demoyu rezerve edin<\/h3><p>Bize kendinizden biraz bahsedin, ekibimiz 30 dakikal\u0131k canl\u0131 bir demo planlamak i\u00e7in sizinle ileti\u015fime ge\u00e7sin.<\/p><\/div><div class=\"link_holder\"><a href=\"\/contact\/\">\u00dccretsiz ba\u015flay\u0131n<\/a><\/div><\/div><\/div><\/div><\/div>\t\t\t\t<\/div>\n\t\t\t\t<\/div>\n\t\t\t\t\t<\/div>\n\t\t<\/div>\n\t\t\t\t\t<\/div>\n\t\t<\/section>\n\t\t<div class=\"elementor-element elementor-element-3db9dde e-flex e-con-boxed e-con e-parent\" data-id=\"3db9dde\" data-element_type=\"container\">\n\t\t\t\t\t<div class=\"e-con-inner\">\n\t\t\t\t<div class=\"elementor-element elementor-element-5bb9b4b elementor-widget elementor-widget-heading\" data-id=\"5bb9b4b\" data-element_type=\"widget\" data-widget_type=\"heading.default\">\n\t\t\t\t<div class=\"elementor-widget-container\">\n\t\t\t\t\t<h3 class=\"elementor-heading-title elementor-size-default\">Di\u011fer \u00c7\u00f6z\u00fcmler<\/h3>\t\t\t\t<\/div>\n\t\t\t\t<\/div>\n\t\t<div class=\"elementor-element elementor-element-4415e72 e-con-full e-flex e-con e-child\" data-id=\"4415e72\" data-element_type=\"container\" data-settings=\"{&quot;background_background&quot;:&quot;classic&quot;}\">\n\t\t<div class=\"elementor-element elementor-element-4de2a60 e-con-full e-flex e-con e-child\" data-id=\"4de2a60\" data-element_type=\"container\">\n\t\t\t\t<div class=\"elementor-element elementor-element-b42d089 elementor-widget elementor-widget-heading\" data-id=\"b42d089\" data-element_type=\"widget\" data-widget_type=\"heading.default\">\n\t\t\t\t<div class=\"elementor-widget-container\">\n\t\t\t\t\t<h3 class=\"elementor-heading-title elementor-size-default\">KPI \/ Metrik Y\u00f6netimi<\/h3>\t\t\t\t<\/div>\n\t\t\t\t<\/div>\n\t\t\t\t<div class=\"elementor-element elementor-element-bb5829f elementor-widget elementor-widget-text-editor\" data-id=\"bb5829f\" data-element_type=\"widget\" data-widget_type=\"text-editor.default\">\n\t\t\t\t<div class=\"elementor-widget-container\">\n\t\t\t\t\t\t\t\t\t\u015eirketinizin t\u00fcm ESG ve S\u00fcrd\u00fcr\u00fclebilirlik s\u00fcre\u00e7lerini Metrik\/KPI ara\u00e7lar\u0131m\u0131zla y\u00f6netin, hedeflerinize ula\u015f\u0131n ve k\u00fcresel standartlarda kolayca raporlay\u0131n.\t\t\t\t\t\t\t\t<\/div>\n\t\t\t\t<\/div>\n\t\t\t\t<\/div>\n\t\t\t\t<div class=\"elementor-element elementor-element-93cf4bc btn-bg solution-btn elementor-widget elementor-widget-button\" data-id=\"93cf4bc\" data-element_type=\"widget\" data-widget_type=\"button.default\">\n\t\t\t\t<div class=\"elementor-widget-container\">\n\t\t\t\t\t\t\t\t\t<div class=\"elementor-button-wrapper\">\n\t\t\t\t\t<a class=\"elementor-button elementor-button-link elementor-size-sm\" href=\"https:\/\/www.perfektive.com\/tr\/cozumlerimiz\/kpi-metrik-yonetimi\/\">\n\t\t\t\t\t\t<span class=\"elementor-button-content-wrapper\">\n\t\t\t\t\t\t\t\t\t<span class=\"elementor-button-text\">Daha fazla bilgi edinin<\/span>\n\t\t\t\t\t<\/span>\n\t\t\t\t\t<\/a>\n\t\t\t\t<\/div>\n\t\t\t\t\t\t\t\t<\/div>\n\t\t\t\t<\/div>\n\t\t\t\t<\/div>\n\t\t<div class=\"elementor-element elementor-element-ee395cd e-con-full e-flex e-con e-child\" data-id=\"ee395cd\" data-element_type=\"container\" data-settings=\"{&quot;background_background&quot;:&quot;classic&quot;}\">\n\t\t<div class=\"elementor-element elementor-element-552cee0 e-con-full e-flex e-con e-child\" data-id=\"552cee0\" data-element_type=\"container\">\n\t\t\t\t<div class=\"elementor-element elementor-element-4b71ae6 elementor-widget elementor-widget-heading\" data-id=\"4b71ae6\" data-element_type=\"widget\" data-widget_type=\"heading.default\">\n\t\t\t\t<div class=\"elementor-widget-container\">\n\t\t\t\t\t<h3 class=\"elementor-heading-title elementor-size-default\">Ek Mod\u00fcller<\/h3>\t\t\t\t<\/div>\n\t\t\t\t<\/div>\n\t\t\t\t<div class=\"elementor-element elementor-element-f72e645 elementor-widget elementor-widget-text-editor\" data-id=\"f72e645\" data-element_type=\"widget\" data-widget_type=\"text-editor.default\">\n\t\t\t\t<div class=\"elementor-widget-container\">\n\t\t\t\t\t\t\t\t\tY\u0131llar i\u00e7inde m\u00fc\u015fterilerimizin \u0130SG ihtiya\u00e7lar\u0131na hizmet etmek i\u00e7in 170&#8217;in \u00fczerinde mod\u00fcl geli\u015ftirdik.\t\t\t\t\t\t\t\t<\/div>\n\t\t\t\t<\/div>\n\t\t\t\t<\/div>\n\t\t\t\t<div class=\"elementor-element elementor-element-d75db94 btn-bg solution-btn elementor-widget elementor-widget-button\" data-id=\"d75db94\" data-element_type=\"widget\" data-widget_type=\"button.default\">\n\t\t\t\t<div class=\"elementor-widget-container\">\n\t\t\t\t\t\t\t\t\t<div class=\"elementor-button-wrapper\">\n\t\t\t\t\t<a class=\"elementor-button elementor-button-link elementor-size-sm\" href=\"https:\/\/www.perfektive.com\/tr\/cozumlerimiz\/ek-moduller\/\">\n\t\t\t\t\t\t<span class=\"elementor-button-content-wrapper\">\n\t\t\t\t\t\t\t\t\t<span class=\"elementor-button-text\">Daha fazla bilgi edinin<\/span>\n\t\t\t\t\t<\/span>\n\t\t\t\t\t<\/a>\n\t\t\t\t<\/div>\n\t\t\t\t\t\t\t\t<\/div>\n\t\t\t\t<\/div>\n\t\t\t\t<\/div>\n\t\t\t\t\t<\/div>\n\t\t\t\t<\/div>\n\t\t\t\t<\/div>\n\t\t","protected":false},"excerpt":{"rendered":"<p>\u0130SG yaz\u0131l\u0131m\u0131n\u0131n ERP (Kurumsal Kaynak Planlama) sistemleriyle entegrasyonu, operasyonlar\u0131 kolayla\u015ft\u0131rmak ve genel i\u015f verimlili\u011fini art\u0131rmak i\u00e7in hayati \u00f6nem ta\u015f\u0131r. Bu sistemleri birbirine ba\u011flayarak, kurulu\u015flar EHS verilerini y\u00f6netmek, uyumlulu\u011fu iyile\u015ftirmek ve ger\u00e7ek zamanl\u0131 bilgilerden de\u011ferli i\u00e7g\u00f6r\u00fcler elde etmek i\u00e7in birle\u015fik bir platform olu\u015fturabilirler. Bu entegrasyon, daha iyi karar alma, daha az risk ve daha iyi g\u00fcvenlik [&hellip;]<\/p>\n","protected":false},"author":2,"featured_media":0,"parent":2909,"menu_order":0,"comment_status":"closed","ping_status":"closed","template":"","meta":{"footnotes":""},"class_list":["post-2945","page","type-page","status-publish","hentry"],"_links":{"self":[{"href":"https:\/\/www.perfektive.com\/tr\/wp-json\/wp\/v2\/pages\/2945","targetHints":{"allow":["GET"]}}],"collection":[{"href":"https:\/\/www.perfektive.com\/tr\/wp-json\/wp\/v2\/pages"}],"about":[{"href":"https:\/\/www.perfektive.com\/tr\/wp-json\/wp\/v2\/types\/page"}],"author":[{"embeddable":true,"href":"https:\/\/www.perfektive.com\/tr\/wp-json\/wp\/v2\/users\/2"}],"replies":[{"embeddable":true,"href":"https:\/\/www.perfektive.com\/tr\/wp-json\/wp\/v2\/comments?post=2945"}],"version-history":[{"count":7,"href":"https:\/\/www.perfektive.com\/tr\/wp-json\/wp\/v2\/pages\/2945\/revisions"}],"predecessor-version":[{"id":3221,"href":"https:\/\/www.perfektive.com\/tr\/wp-json\/wp\/v2\/pages\/2945\/revisions\/3221"}],"up":[{"embeddable":true,"href":"https:\/\/www.perfektive.com\/tr\/wp-json\/wp\/v2\/pages\/2909"}],"wp:attachment":[{"href":"https:\/\/www.perfektive.com\/tr\/wp-json\/wp\/v2\/media?parent=2945"}],"curies":[{"name":"wp","href":"https:\/\/api.w.org\/{rel}","templated":true}]}}