{"id":2933,"date":"2025-04-17T05:08:40","date_gmt":"2025-04-17T05:08:40","guid":{"rendered":"https:\/\/www.perfektive.com\/cozumlerimiz\/ek-moduller\/"},"modified":"2026-01-18T15:11:49","modified_gmt":"2026-01-18T15:11:49","slug":"ek-moduller","status":"publish","type":"page","link":"https:\/\/www.perfektive.com\/tr\/cozumlerimiz\/ek-moduller\/","title":{"rendered":"Ek Mod\u00fcller"},"content":{"rendered":"\t\t<div data-elementor-type=\"wp-page\" data-elementor-id=\"2933\" class=\"elementor elementor-2933 elementor-1529\">\n\t\t\t\t<div class=\"elementor-element elementor-element-6482cd4 e-flex e-con-boxed e-con e-parent\" data-id=\"6482cd4\" data-element_type=\"container\">\n\t\t\t\t\t<div class=\"e-con-inner\">\n\t\t\t\t<div class=\"elementor-element elementor-element-a07bc70 elementor-widget elementor-widget-image\" data-id=\"a07bc70\" data-element_type=\"widget\" data-widget_type=\"image.default\">\n\t\t\t\t<div class=\"elementor-widget-container\">\n\t\t\t\t\t\t\t\t\t\t\t\t\t\t\t<img fetchpriority=\"high\" decoding=\"async\" width=\"600\" height=\"600\" src=\"https:\/\/www.perfektive.com\/wp-content\/uploads\/2018\/08\/Peraccess.jpg\" class=\"attachment-full size-full wp-image-2899\" alt=\"\" srcset=\"https:\/\/www.perfektive.com\/wp-content\/uploads\/2018\/08\/Peraccess.jpg 600w, https:\/\/www.perfektive.com\/wp-content\/uploads\/2018\/08\/Peraccess-300x300.jpg 300w, https:\/\/www.perfektive.com\/wp-content\/uploads\/2018\/08\/Peraccess-150x150.jpg 150w, https:\/\/www.perfektive.com\/wp-content\/uploads\/2018\/08\/Peraccess-100x100.jpg 100w\" sizes=\"(max-width: 600px) 100vw, 600px\" \/>\t\t\t\t\t\t\t\t\t\t\t\t\t\t\t<\/div>\n\t\t\t\t<\/div>\n\t\t\t\t\t<\/div>\n\t\t\t\t<\/div>\n\t\t\t\t<section class=\"elementor-section elementor-top-section elementor-element elementor-element-b265a15 elementor-section-full_width elementor-section-height-default elementor-section-height-default\" data-id=\"b265a15\" data-element_type=\"section\">\n\t\t\t\t\t\t<div class=\"elementor-container elementor-column-gap-default\">\n\t\t\t\t\t<div class=\"elementor-column elementor-col-100 elementor-top-column elementor-element elementor-element-d6999c9\" data-id=\"d6999c9\" data-element_type=\"column\">\n\t\t\t<div class=\"elementor-widget-wrap elementor-element-populated\">\n\t\t\t\t\t\t<div class=\"elementor-element elementor-element-cf7dd57 elementor-widget__width-initial elementor-widget elementor-widget-text-editor\" data-id=\"cf7dd57\" data-element_type=\"widget\" data-widget_type=\"text-editor.default\">\n\t\t\t\t<div class=\"elementor-widget-container\">\n\t\t\t\t\t\t\t\t\t<p>T\u00fcrkiye&#8217;nin \u00f6nde gelen firmalar\u0131na 2014&#8217;ten beri en kritik i\u015f g\u00fcvenli\u011fi ve sa\u011fl\u0131\u011f\u0131 konular\u0131nda \u00e7\u00f6z\u00fcm orta\u011f\u0131 olarak destek veriyoruz. Bu s\u00fcre\u00e7te, 170&#8217;ten fazla i\u015f g\u00fcvenli\u011fi ve sa\u011fl\u0131\u011f\u0131 konular\u0131nda \u00f6zel ihtiya\u00e7lara ve i\u015f s\u00fcre\u00e7lerine y\u00f6nelik \u00f6zel mod\u00fcl geli\u015ftirdik.&nbsp;<span style=\"letter-spacing: 0px;\">to meet our clients and we can provide you any of them on-demand basis. Baz\u0131 \u00d6rnek Mod\u00fcller: &nbsp;&nbsp;<\/span><\/p>\n<p><span style=\"letter-spacing: 0px;\">Poliklinik Muayene mod\u00fcl\u00fc, i\u015fy<\/span>eri <span style=\"letter-spacing: 0px;\">hekimlerinin klinik muayenelerini ve t\u0131bbi kay\u0131tlar\u0131n\u0131 sorunsuz bir \u015fekilde y\u00f6netmelerini sa\u011flar&nbsp;<\/span><\/p>\n<p><span style=\"letter-spacing: 0px;\">Mevzuat ihlallerini <\/span><span style=\"letter-spacing: 0px;\">belirlemenize ve y\u00f6netmenize yard\u0131mc\u0131 olan Ceza Riski mod\u00fcl\u00fc ile i\u015f yeri ihlalleri hakk\u0131nda bilgi edinin<\/span>.&nbsp;<\/p>\n<p>A\u015f\u0131 mod\u00fcl\u00fc, i\u015f yerinde a\u015f\u0131 programlar\u0131 olu\u015fturman\u0131za ve y\u00f6netmenize olanak tan\u0131yarak hangi \u00e7al\u0131\u015fanlar\u0131n hangi a\u015f\u0131lara ihtiyac\u0131 oldu\u011funu belirlemenizi sa\u011flar..&nbsp;<\/p>\n<p>KKD &#8211; \u00c7al\u0131\u015fan K\u00fcmesi<span style=\"letter-spacing: 0px;\"> Her mod\u00fcl, belirli \u00c7evre, Sa\u011fl\u0131k ve G\u00fcvenlik (\u0130SG) ihtiya\u00e7lar\u0131n\u0131 kar\u015f\u0131lamak \u00fczere geli\u015ftirilmi\u015ftir ve operasyonel hedeflerinize uyum sa\u011flamak i\u00e7in \u00f6zelle\u015ftirme imkan\u0131 sunar. &nbsp;<\/span><\/p>\n<p><span style=\"letter-spacing: 0px;\">\u0130ster uyumluluk takibini geli\u015ftiriyor olun ister \u00e7al\u0131\u015fan sa\u011fl\u0131\u011f\u0131 hizmetlerini iyile\u015ftiriyor olun, bu mod\u00fcller bunu verimli bir \u015fekilde yapman\u0131z\u0131 sa\u011flayacak ara\u00e7lar sunar.\nBug\u00fcn bu hedef odakl\u0131, kullan\u0131c\u0131 dostu mod\u00fclleri entegre ederek \u00c7evre, Sa\u011fl\u0131k ve G\u00fcvenlik (EHS) yeteneklerinizi geni\u015fletin. <\/span><\/p>\t\t\t\t\t\t\t\t<\/div>\n\t\t\t\t<\/div>\n\t\t\t\t<div class=\"elementor-element elementor-element-2d8b4a8 elementor-widget elementor-widget-frel-check-list\" data-id=\"2d8b4a8\" data-element_type=\"widget\" data-widget_type=\"frel-check-list.default\">\n\t\t\t\t<div class=\"elementor-widget-container\">\n\t\t\t\t\t<div class=\"cons_w_wrapper\"><div class=\"fn_cs_check_list\"><h3>Service Features<\/h3><div class=\"list\"><ul><li><div class=\"item\"><img decoding=\"async\" class=\"industify_w_fn_svg\" src=\"https:\/\/www.perfektive.com\/wp-content\/plugins\/industify-core\/shortcode\/assets\/svg\/check.svg\" alt=\"\" \/><p>A software designed in a modular structure<\/p><\/div><\/li><li><div class=\"item\"><img decoding=\"async\" class=\"industify_w_fn_svg\" src=\"https:\/\/www.perfektive.com\/wp-content\/plugins\/industify-core\/shortcode\/assets\/svg\/check.svg\" alt=\"\" \/><p>Can be modeled according to your business practices and turned into a software specific to your organization to meet your needs.<\/p><\/div><\/li><li><div class=\"item\"><img decoding=\"async\" class=\"industify_w_fn_svg\" src=\"https:\/\/www.perfektive.com\/wp-content\/plugins\/industify-core\/shortcode\/assets\/svg\/check.svg\" alt=\"\" \/><p>170+ Health & Safety Modules to choose from<\/p><\/div><\/li><\/ul><\/div><\/div><\/div>\t\t\t\t<\/div>\n\t\t\t\t<\/div>\n\t\t\t\t<div class=\"elementor-element elementor-element-1ce6aa7 elementor-widget elementor-widget-frel-call-to-action\" data-id=\"1ce6aa7\" data-element_type=\"widget\" data-widget_type=\"frel-call-to-action.default\">\n\t\t\t\t<div class=\"elementor-widget-container\">\n\t\t\t\t\t<div class=\"cons_w_wrapper\"><div class=\"fn_cs_call_to_action\"><div class=\"container\"><div class=\"cta_holder\"><div class=\"title_holder\"><h3>Book Your Live Demo<\/h3><p>Tell us a little about yourself and our team will contact you to schedule a 30 minute live demo.<\/p><\/div><div class=\"link_holder\"><a href=\"\/contact\/\">get started for free<\/a><\/div><\/div><\/div><\/div><\/div>\t\t\t\t<\/div>\n\t\t\t\t<\/div>\n\t\t\t\t\t<\/div>\n\t\t<\/div>\n\t\t\t\t\t<\/div>\n\t\t<\/section>\n\t\t<div class=\"elementor-element elementor-element-9d9a9bf e-flex e-con-boxed e-con e-parent\" data-id=\"9d9a9bf\" data-element_type=\"container\">\n\t\t\t\t\t<div class=\"e-con-inner\">\n\t\t\t\t<div class=\"elementor-element elementor-element-2e64c8a elementor-widget elementor-widget-heading\" data-id=\"2e64c8a\" data-element_type=\"widget\" data-widget_type=\"heading.default\">\n\t\t\t\t<div class=\"elementor-widget-container\">\n\t\t\t\t\t<h3 class=\"elementor-heading-title elementor-size-default\">Di\u011fer \u00c7\u00f6z\u00fcmler<\/h3>\t\t\t\t<\/div>\n\t\t\t\t<\/div>\n\t\t<div class=\"elementor-element elementor-element-9bed68b e-con-full e-flex e-con e-child\" data-id=\"9bed68b\" data-element_type=\"container\" data-settings=\"{&quot;background_background&quot;:&quot;classic&quot;}\">\n\t\t<div class=\"elementor-element elementor-element-b4da313 e-con-full e-flex e-con e-child\" data-id=\"b4da313\" data-element_type=\"container\">\n\t\t\t\t<div class=\"elementor-element elementor-element-2db2be7 elementor-widget elementor-widget-heading\" data-id=\"2db2be7\" data-element_type=\"widget\" data-widget_type=\"heading.default\">\n\t\t\t\t<div class=\"elementor-widget-container\">\n\t\t\t\t\t<h3 class=\"elementor-heading-title elementor-size-default\">Entegrasyonlar<\/h3>\t\t\t\t<\/div>\n\t\t\t\t<\/div>\n\t\t\t\t<div class=\"elementor-element elementor-element-0f9690e elementor-widget elementor-widget-text-editor\" data-id=\"0f9690e\" data-element_type=\"widget\" data-widget_type=\"text-editor.default\">\n\t\t\t\t<div class=\"elementor-widget-container\">\n\t\t\t\t\t\t\t\t\t\u0130K ERP&#8217;lerinden Ekipman y\u00f6netim sistemlerine kadar uzanan geni\u015f bir entegrasyon hizmetleri listesi sunuyoruz.\t\t\t\t\t\t\t\t<\/div>\n\t\t\t\t<\/div>\n\t\t\t\t<\/div>\n\t\t\t\t<div class=\"elementor-element elementor-element-0c97901 btn-bg solution-btn elementor-widget elementor-widget-button\" data-id=\"0c97901\" data-element_type=\"widget\" data-widget_type=\"button.default\">\n\t\t\t\t<div class=\"elementor-widget-container\">\n\t\t\t\t\t\t\t\t\t<div class=\"elementor-button-wrapper\">\n\t\t\t\t\t<a class=\"elementor-button elementor-button-link elementor-size-sm\" href=\"https:\/\/www.perfektive.com\/tr\/cozumlerimiz\/entegrasyonlar\/\">\n\t\t\t\t\t\t<span class=\"elementor-button-content-wrapper\">\n\t\t\t\t\t\t\t\t\t<span class=\"elementor-button-text\">Daha fazla bilgi edinin.<\/span>\n\t\t\t\t\t<\/span>\n\t\t\t\t\t<\/a>\n\t\t\t\t<\/div>\n\t\t\t\t\t\t\t\t<\/div>\n\t\t\t\t<\/div>\n\t\t\t\t<\/div>\n\t\t<div class=\"elementor-element elementor-element-d42a97d e-con-full e-flex e-con e-child\" data-id=\"d42a97d\" data-element_type=\"container\" data-settings=\"{&quot;background_background&quot;:&quot;classic&quot;}\">\n\t\t<div class=\"elementor-element elementor-element-0d8ea49 e-con-full e-flex e-con e-child\" data-id=\"0d8ea49\" data-element_type=\"container\">\n\t\t\t\t<div class=\"elementor-element elementor-element-6f3eadc elementor-widget elementor-widget-heading\" data-id=\"6f3eadc\" data-element_type=\"widget\" data-widget_type=\"heading.default\">\n\t\t\t\t<div class=\"elementor-widget-container\">\n\t\t\t\t\t<h3 class=\"elementor-heading-title elementor-size-default\">KPI \/ Metrik Y\u00f6netimi<\/h3>\t\t\t\t<\/div>\n\t\t\t\t<\/div>\n\t\t\t\t<div class=\"elementor-element elementor-element-373646b elementor-widget elementor-widget-text-editor\" data-id=\"373646b\" data-element_type=\"widget\" data-widget_type=\"text-editor.default\">\n\t\t\t\t<div class=\"elementor-widget-container\">\n\t\t\t\t\t\t\t\t\t\u015eirketinizin t\u00fcm ESG ve S\u00fcrd\u00fcr\u00fclebilirlik s\u00fcre\u00e7lerini Metrik\/KPI ara\u00e7lar\u0131m\u0131zla y\u00f6netin, hedeflerinize ula\u015f\u0131n ve k\u00fcresel standartlarda kolayca raporlay\u0131n.\t\t\t\t\t\t\t\t<\/div>\n\t\t\t\t<\/div>\n\t\t\t\t<\/div>\n\t\t\t\t<div class=\"elementor-element elementor-element-a1aaf90 btn-bg solution-btn elementor-widget elementor-widget-button\" data-id=\"a1aaf90\" data-element_type=\"widget\" data-widget_type=\"button.default\">\n\t\t\t\t<div class=\"elementor-widget-container\">\n\t\t\t\t\t\t\t\t\t<div class=\"elementor-button-wrapper\">\n\t\t\t\t\t<a class=\"elementor-button elementor-button-link elementor-size-sm\" href=\"https:\/\/www.perfektive.com\/tr\/cozumlerimiz\/kpi-metrik-yonetimi\/\">\n\t\t\t\t\t\t<span class=\"elementor-button-content-wrapper\">\n\t\t\t\t\t\t\t\t\t<span class=\"elementor-button-text\">Daha fazla bilgi edinin<\/span>\n\t\t\t\t\t<\/span>\n\t\t\t\t\t<\/a>\n\t\t\t\t<\/div>\n\t\t\t\t\t\t\t\t<\/div>\n\t\t\t\t<\/div>\n\t\t\t\t<\/div>\n\t\t\t\t\t<\/div>\n\t\t\t\t<\/div>\n\t\t\t\t<\/div>\n\t\t","protected":false},"excerpt":{"rendered":"<p>T\u00fcrkiye&#8217;nin \u00f6nde gelen firmalar\u0131na 2014&#8217;ten beri en kritik i\u015f g\u00fcvenli\u011fi ve sa\u011fl\u0131\u011f\u0131 konular\u0131nda \u00e7\u00f6z\u00fcm orta\u011f\u0131 olarak destek veriyoruz. Bu s\u00fcre\u00e7te, 170&#8217;ten fazla i\u015f g\u00fcvenli\u011fi ve sa\u011fl\u0131\u011f\u0131 konular\u0131nda \u00f6zel ihtiya\u00e7lara ve i\u015f s\u00fcre\u00e7lerine y\u00f6nelik \u00f6zel mod\u00fcl geli\u015ftirdik.&nbsp;to meet our clients and we can provide you any of them on-demand basis. Baz\u0131 \u00d6rnek Mod\u00fcller: &nbsp;&nbsp; Poliklinik Muayene [&hellip;]<\/p>\n","protected":false},"author":2,"featured_media":0,"parent":2909,"menu_order":0,"comment_status":"closed","ping_status":"closed","template":"","meta":{"footnotes":""},"class_list":["post-2933","page","type-page","status-publish","hentry"],"_links":{"self":[{"href":"https:\/\/www.perfektive.com\/tr\/wp-json\/wp\/v2\/pages\/2933","targetHints":{"allow":["GET"]}}],"collection":[{"href":"https:\/\/www.perfektive.com\/tr\/wp-json\/wp\/v2\/pages"}],"about":[{"href":"https:\/\/www.perfektive.com\/tr\/wp-json\/wp\/v2\/types\/page"}],"author":[{"embeddable":true,"href":"https:\/\/www.perfektive.com\/tr\/wp-json\/wp\/v2\/users\/2"}],"replies":[{"embeddable":true,"href":"https:\/\/www.perfektive.com\/tr\/wp-json\/wp\/v2\/comments?post=2933"}],"version-history":[{"count":9,"href":"https:\/\/www.perfektive.com\/tr\/wp-json\/wp\/v2\/pages\/2933\/revisions"}],"predecessor-version":[{"id":3544,"href":"https:\/\/www.perfektive.com\/tr\/wp-json\/wp\/v2\/pages\/2933\/revisions\/3544"}],"up":[{"embeddable":true,"href":"https:\/\/www.perfektive.com\/tr\/wp-json\/wp\/v2\/pages\/2909"}],"wp:attachment":[{"href":"https:\/\/www.perfektive.com\/tr\/wp-json\/wp\/v2\/media?parent=2933"}],"curies":[{"name":"wp","href":"https:\/\/api.w.org\/{rel}","templated":true}]}}