{"id":2925,"date":"2025-04-22T04:50:47","date_gmt":"2025-04-22T04:50:47","guid":{"rendered":"https:\/\/www.perfektive.com\/cozumlerimiz\/kpi-metrik-yonetimi\/"},"modified":"2025-09-03T18:08:37","modified_gmt":"2025-09-03T18:08:37","slug":"kpi-metrik-yonetimi","status":"publish","type":"page","link":"https:\/\/www.perfektive.com\/tr\/cozumlerimiz\/kpi-metrik-yonetimi\/","title":{"rendered":"KPI \/ Metrik Y\u00f6netimi"},"content":{"rendered":"\t\t<div data-elementor-type=\"wp-page\" data-elementor-id=\"2925\" class=\"elementor elementor-2925 elementor-2068\">\n\t\t\t\t<div class=\"elementor-element elementor-element-b7e857d e-flex e-con-boxed e-con e-parent\" data-id=\"b7e857d\" data-element_type=\"container\">\n\t\t\t\t\t<div class=\"e-con-inner\">\n\t\t\t\t<div class=\"elementor-element elementor-element-9e79f4a elementor-widget elementor-widget-image\" data-id=\"9e79f4a\" data-element_type=\"widget\" data-widget_type=\"image.default\">\n\t\t\t\t<div class=\"elementor-widget-container\">\n\t\t\t\t\t\t\t\t\t\t\t\t\t\t\t<img fetchpriority=\"high\" decoding=\"async\" width=\"600\" height=\"600\" src=\"https:\/\/www.perfektive.com\/wp-content\/uploads\/2018\/08\/Pershare.jpg\" class=\"attachment-full size-full wp-image-2895\" alt=\"\" srcset=\"https:\/\/www.perfektive.com\/wp-content\/uploads\/2018\/08\/Pershare.jpg 600w, https:\/\/www.perfektive.com\/wp-content\/uploads\/2018\/08\/Pershare-300x300.jpg 300w, https:\/\/www.perfektive.com\/wp-content\/uploads\/2018\/08\/Pershare-150x150.jpg 150w, https:\/\/www.perfektive.com\/wp-content\/uploads\/2018\/08\/Pershare-100x100.jpg 100w\" sizes=\"(max-width: 600px) 100vw, 600px\" \/>\t\t\t\t\t\t\t\t\t\t\t\t\t\t\t<\/div>\n\t\t\t\t<\/div>\n\t\t\t\t\t<\/div>\n\t\t\t\t<\/div>\n\t\t\t\t<section class=\"elementor-section elementor-top-section elementor-element elementor-element-50b2504 elementor-section-full_width elementor-section-height-default elementor-section-height-default\" data-id=\"50b2504\" data-element_type=\"section\">\n\t\t\t\t\t\t<div class=\"elementor-container elementor-column-gap-default\">\n\t\t\t\t\t<div class=\"elementor-column elementor-col-100 elementor-top-column elementor-element elementor-element-d577c93\" data-id=\"d577c93\" data-element_type=\"column\">\n\t\t\t<div class=\"elementor-widget-wrap elementor-element-populated\">\n\t\t\t\t\t\t<div class=\"elementor-element elementor-element-e1a4c11 elementor-widget elementor-widget-text-editor\" data-id=\"e1a4c11\" data-element_type=\"widget\" data-widget_type=\"text-editor.default\">\n\t\t\t\t<div class=\"elementor-widget-container\">\n\t\t\t\t\t\t\t\t\t<p>KPI\/Metric yaz\u0131l\u0131m\u0131m\u0131z, \u00f6nceden tan\u0131mlanm\u0131\u015f anahtar performans g\u00f6stergelerini (KPI&#8217;lar) kullanarak i\u015fyerlerinizdeki sa\u011fl\u0131k ve g\u00fcvenlik performans\u0131n\u0131 izlemenize, de\u011ferlendirmenize ve kar\u015f\u0131la\u015ft\u0131rman\u0131za olanak tan\u0131r.<\/p><p>\u0130\u015f sa\u011fl\u0131\u011f\u0131 ve g\u00fcvenli\u011fi performans\u0131n\u0131 \u00f6l\u00e7mek i\u00e7in sa\u011fl\u0131k ve g\u00fcvenlik \u00f6l\u00e7\u00fcmlerini kaydedin.<\/p><p>Trendleri g\u00f6rselle\u015ftirmek i\u00e7in se\u00e7ilen metriklere g\u00f6re y\u0131l veya ay baz\u0131nda grafikler olu\u015fturun.<\/p><p>Se\u00e7ilen metriklerden rapor \u015fablonlar\u0131 ve raporlar olu\u015fturun.<\/p><p>\u0130\u015f sa\u011fl\u0131\u011f\u0131 ve g\u00fcvenli\u011fi \u00f6l\u00e7\u00fcmlerini birden fazla i\u015fyeri veya tesis, \u00fclke ve k\u0131ta aras\u0131nda kar\u015f\u0131la\u015ft\u0131r\u0131n.<\/p><p>Verileri kolayca i\u00e7e aktarmak ve manuel giri\u015fi \u00f6nlemek i\u00e7in Excel dosyas\u0131 arac\u0131l\u0131\u011f\u0131yla metrikleri toplu olarak y\u00fckleyin.<\/p>\t\t\t\t\t\t\t\t<\/div>\n\t\t\t\t<\/div>\n\t\t\t\t<div class=\"elementor-element elementor-element-c26ebe7 elementor-widget elementor-widget-frel-check-list\" data-id=\"c26ebe7\" data-element_type=\"widget\" data-widget_type=\"frel-check-list.default\">\n\t\t\t\t<div class=\"elementor-widget-container\">\n\t\t\t\t\t<div class=\"cons_w_wrapper\"><div class=\"fn_cs_check_list\"><h3>Hizmet \u00d6zellikleri<\/h3><div class=\"list\"><ul><li><div class=\"item\"><img decoding=\"async\" class=\"industify_w_fn_svg\" src=\"https:\/\/www.perfektive.com\/wp-content\/plugins\/industify-core\/shortcode\/assets\/svg\/check.svg\" alt=\"\" \/><p>Metrik Entegrasyonlar\u0131<\/p><\/div><\/li><li><div class=\"item\"><img decoding=\"async\" class=\"industify_w_fn_svg\" src=\"https:\/\/www.perfektive.com\/wp-content\/plugins\/industify-core\/shortcode\/assets\/svg\/check.svg\" alt=\"\" \/><p>Genel EHS Metrikleri<\/p><\/div><\/li><li><div class=\"item\"><img decoding=\"async\" class=\"industify_w_fn_svg\" src=\"https:\/\/www.perfektive.com\/wp-content\/plugins\/industify-core\/shortcode\/assets\/svg\/check.svg\" alt=\"\" \/><p>S\u00fcr\u00fc\u015f\/Ula\u015f\u0131m Metrikleri<\/p><\/div><\/li><li><div class=\"item\"><img decoding=\"async\" class=\"industify_w_fn_svg\" src=\"https:\/\/www.perfektive.com\/wp-content\/plugins\/industify-core\/shortcode\/assets\/svg\/check.svg\" alt=\"\" \/><p>S\u00fcrd\u00fcr\u00fclebilirlik Metrikleri<\/p><\/div><\/li><\/ul><\/div><\/div><\/div>\t\t\t\t<\/div>\n\t\t\t\t<\/div>\n\t\t\t\t<div class=\"elementor-element elementor-element-cbcd072 elementor-widget elementor-widget-frel-call-to-action\" data-id=\"cbcd072\" data-element_type=\"widget\" data-widget_type=\"frel-call-to-action.default\">\n\t\t\t\t<div class=\"elementor-widget-container\">\n\t\t\t\t\t<div class=\"cons_w_wrapper\"><div class=\"fn_cs_call_to_action\"><div class=\"container\"><div class=\"cta_holder\"><div class=\"title_holder\"><h3>Canl\u0131 demoyu rezerve edin<\/h3><p>Bize kendinizden biraz bahsedin, ekibimiz 30 dakikal\u0131k canl\u0131 bir demo planlamak i\u00e7in sizinle ileti\u015fime ge\u00e7sin.<\/p><\/div><div class=\"link_holder\"><a href=\"\/contact\/\">\u00dccretsiz ba\u015flay\u0131n<\/a><\/div><\/div><\/div><\/div><\/div>\t\t\t\t<\/div>\n\t\t\t\t<\/div>\n\t\t\t\t\t<\/div>\n\t\t<\/div>\n\t\t\t\t\t<\/div>\n\t\t<\/section>\n\t\t<div class=\"elementor-element elementor-element-0f6b3f2 e-flex e-con-boxed e-con e-parent\" data-id=\"0f6b3f2\" data-element_type=\"container\">\n\t\t\t\t\t<div class=\"e-con-inner\">\n\t\t\t\t<div class=\"elementor-element elementor-element-a6dca0d elementor-widget elementor-widget-heading\" data-id=\"a6dca0d\" data-element_type=\"widget\" data-widget_type=\"heading.default\">\n\t\t\t\t<div class=\"elementor-widget-container\">\n\t\t\t\t\t<h3 class=\"elementor-heading-title elementor-size-default\">Di\u011fer \u00c7\u00f6z\u00fcmler<\/h3>\t\t\t\t<\/div>\n\t\t\t\t<\/div>\n\t\t<div class=\"elementor-element elementor-element-26802be e-con-full e-flex e-con e-child\" data-id=\"26802be\" data-element_type=\"container\" data-settings=\"{&quot;background_background&quot;:&quot;classic&quot;}\">\n\t\t<div class=\"elementor-element elementor-element-6339cdc e-con-full e-flex e-con e-child\" data-id=\"6339cdc\" data-element_type=\"container\">\n\t\t\t\t<div class=\"elementor-element elementor-element-3123121 elementor-widget elementor-widget-heading\" data-id=\"3123121\" data-element_type=\"widget\" data-widget_type=\"heading.default\">\n\t\t\t\t<div class=\"elementor-widget-container\">\n\t\t\t\t\t<h3 class=\"elementor-heading-title elementor-size-default\">Entegrasyonlar<\/h3>\t\t\t\t<\/div>\n\t\t\t\t<\/div>\n\t\t\t\t<div class=\"elementor-element elementor-element-2c78668 elementor-widget elementor-widget-text-editor\" data-id=\"2c78668\" data-element_type=\"widget\" data-widget_type=\"text-editor.default\">\n\t\t\t\t<div class=\"elementor-widget-container\">\n\t\t\t\t\t\t\t\t\t\u0130K ERP&#8217;lerinden Ekipman y\u00f6netim sistemlerine kadar uzanan geni\u015f bir entegrasyon hizmetleri listesi sunuyoruz.\t\t\t\t\t\t\t\t<\/div>\n\t\t\t\t<\/div>\n\t\t\t\t<\/div>\n\t\t\t\t<div class=\"elementor-element elementor-element-279396e btn-bg solution-btn elementor-widget elementor-widget-button\" data-id=\"279396e\" data-element_type=\"widget\" data-widget_type=\"button.default\">\n\t\t\t\t<div class=\"elementor-widget-container\">\n\t\t\t\t\t\t\t\t\t<div class=\"elementor-button-wrapper\">\n\t\t\t\t\t<a class=\"elementor-button elementor-button-link elementor-size-sm\" href=\"https:\/\/www.perfektive.com\/tr\/cozumlerimiz\/entegrasyonlar\/\">\n\t\t\t\t\t\t<span class=\"elementor-button-content-wrapper\">\n\t\t\t\t\t\t\t\t\t<span class=\"elementor-button-text\">Daha fazla bilgi edinin<\/span>\n\t\t\t\t\t<\/span>\n\t\t\t\t\t<\/a>\n\t\t\t\t<\/div>\n\t\t\t\t\t\t\t\t<\/div>\n\t\t\t\t<\/div>\n\t\t\t\t<\/div>\n\t\t<div class=\"elementor-element elementor-element-beba541 e-con-full e-flex e-con e-child\" data-id=\"beba541\" data-element_type=\"container\" data-settings=\"{&quot;background_background&quot;:&quot;classic&quot;}\">\n\t\t<div class=\"elementor-element elementor-element-2a09294 e-con-full e-flex e-con e-child\" data-id=\"2a09294\" data-element_type=\"container\">\n\t\t\t\t<div class=\"elementor-element elementor-element-70062d6 elementor-widget elementor-widget-heading\" data-id=\"70062d6\" data-element_type=\"widget\" data-widget_type=\"heading.default\">\n\t\t\t\t<div class=\"elementor-widget-container\">\n\t\t\t\t\t<h3 class=\"elementor-heading-title elementor-size-default\">Ek Mod\u00fcller<\/h3>\t\t\t\t<\/div>\n\t\t\t\t<\/div>\n\t\t\t\t<div class=\"elementor-element elementor-element-a4b2773 elementor-widget elementor-widget-text-editor\" data-id=\"a4b2773\" data-element_type=\"widget\" data-widget_type=\"text-editor.default\">\n\t\t\t\t<div class=\"elementor-widget-container\">\n\t\t\t\t\t\t\t\t\t\nY\u0131llar i\u00e7inde m\u00fc\u015fterilerimizin EHS ihtiya\u00e7lar\u0131na hizmet etmek i\u00e7in 170&#8217;in \u00fczerinde mod\u00fcl geli\u015ftirdik.\n\t\t\t\t\t\t\t\t<\/div>\n\t\t\t\t<\/div>\n\t\t\t\t<\/div>\n\t\t\t\t<div class=\"elementor-element elementor-element-ca89a00 btn-bg solution-btn elementor-widget elementor-widget-button\" data-id=\"ca89a00\" data-element_type=\"widget\" data-widget_type=\"button.default\">\n\t\t\t\t<div class=\"elementor-widget-container\">\n\t\t\t\t\t\t\t\t\t<div class=\"elementor-button-wrapper\">\n\t\t\t\t\t<a class=\"elementor-button elementor-button-link elementor-size-sm\" href=\"https:\/\/www.perfektive.com\/tr\/cozumlerimiz\/ek-moduller\/\">\n\t\t\t\t\t\t<span class=\"elementor-button-content-wrapper\">\n\t\t\t\t\t\t\t\t\t<span class=\"elementor-button-text\">Daha fazla bilgi edinin<\/span>\n\t\t\t\t\t<\/span>\n\t\t\t\t\t<\/a>\n\t\t\t\t<\/div>\n\t\t\t\t\t\t\t\t<\/div>\n\t\t\t\t<\/div>\n\t\t\t\t<\/div>\n\t\t\t\t\t<\/div>\n\t\t\t\t<\/div>\n\t\t\t\t<\/div>\n\t\t","protected":false},"excerpt":{"rendered":"<p>KPI\/Metric yaz\u0131l\u0131m\u0131m\u0131z, \u00f6nceden tan\u0131mlanm\u0131\u015f anahtar performans g\u00f6stergelerini (KPI&#8217;lar) kullanarak i\u015fyerlerinizdeki sa\u011fl\u0131k ve g\u00fcvenlik performans\u0131n\u0131 izlemenize, de\u011ferlendirmenize ve kar\u015f\u0131la\u015ft\u0131rman\u0131za olanak tan\u0131r. \u0130\u015f sa\u011fl\u0131\u011f\u0131 ve g\u00fcvenli\u011fi performans\u0131n\u0131 \u00f6l\u00e7mek i\u00e7in sa\u011fl\u0131k ve g\u00fcvenlik \u00f6l\u00e7\u00fcmlerini kaydedin. Trendleri g\u00f6rselle\u015ftirmek i\u00e7in se\u00e7ilen metriklere g\u00f6re y\u0131l veya ay baz\u0131nda grafikler olu\u015fturun. Se\u00e7ilen metriklerden rapor \u015fablonlar\u0131 ve raporlar olu\u015fturun. \u0130\u015f sa\u011fl\u0131\u011f\u0131 ve g\u00fcvenli\u011fi [&hellip;]<\/p>\n","protected":false},"author":2,"featured_media":0,"parent":2909,"menu_order":0,"comment_status":"closed","ping_status":"closed","template":"","meta":{"footnotes":""},"class_list":["post-2925","page","type-page","status-publish","hentry"],"_links":{"self":[{"href":"https:\/\/www.perfektive.com\/tr\/wp-json\/wp\/v2\/pages\/2925","targetHints":{"allow":["GET"]}}],"collection":[{"href":"https:\/\/www.perfektive.com\/tr\/wp-json\/wp\/v2\/pages"}],"about":[{"href":"https:\/\/www.perfektive.com\/tr\/wp-json\/wp\/v2\/types\/page"}],"author":[{"embeddable":true,"href":"https:\/\/www.perfektive.com\/tr\/wp-json\/wp\/v2\/users\/2"}],"replies":[{"embeddable":true,"href":"https:\/\/www.perfektive.com\/tr\/wp-json\/wp\/v2\/comments?post=2925"}],"version-history":[{"count":6,"href":"https:\/\/www.perfektive.com\/tr\/wp-json\/wp\/v2\/pages\/2925\/revisions"}],"predecessor-version":[{"id":3211,"href":"https:\/\/www.perfektive.com\/tr\/wp-json\/wp\/v2\/pages\/2925\/revisions\/3211"}],"up":[{"embeddable":true,"href":"https:\/\/www.perfektive.com\/tr\/wp-json\/wp\/v2\/pages\/2909"}],"wp:attachment":[{"href":"https:\/\/www.perfektive.com\/tr\/wp-json\/wp\/v2\/media?parent=2925"}],"curies":[{"name":"wp","href":"https:\/\/api.w.org\/{rel}","templated":true}]}}