{"id":2798,"date":"2025-04-17T04:46:49","date_gmt":"2025-04-17T04:46:49","guid":{"rendered":"https:\/\/www.perfektive.com\/unsere-loesungenour-solutions\/"},"modified":"2025-06-04T14:49:19","modified_gmt":"2025-06-04T14:49:19","slug":"unsere-loesungenour-solutions","status":"publish","type":"page","link":"https:\/\/www.perfektive.com\/de\/unsere-loesungenour-solutions\/","title":{"rendered":"Unsere L\u00f6sungenOur Solutions"},"content":{"rendered":"\t\t<div data-elementor-type=\"wp-page\" data-elementor-id=\"2798\" class=\"elementor elementor-2798 elementor-1480\">\n\t\t\t\t<div class=\"elementor-element elementor-element-bba6d81 e-flex e-con-boxed e-con e-parent\" data-id=\"bba6d81\" data-element_type=\"container\">\n\t\t\t\t\t<div class=\"e-con-inner\">\n\t\t<div class=\"elementor-element elementor-element-4a71c74 elementor-hidden-desktop elementor-hidden-tablet elementor-hidden-mobile e-flex e-con-boxed e-con e-child\" data-id=\"4a71c74\" data-element_type=\"container\">\n\t\t\t\t\t<div class=\"e-con-inner\">\n\t\t<div class=\"elementor-element elementor-element-7bb0ef3 e-con-full e-flex e-con e-child\" data-id=\"7bb0ef3\" data-element_type=\"container\" data-settings=\"{&quot;background_background&quot;:&quot;classic&quot;}\">\n\t\t<div class=\"elementor-element elementor-element-d5d5f22 e-con-full e-flex e-con e-child\" data-id=\"d5d5f22\" data-element_type=\"container\">\n\t\t\t\t<div class=\"elementor-element elementor-element-c1486ab elementor-hidden-mobile elementor-widget elementor-widget-image\" data-id=\"c1486ab\" data-element_type=\"widget\" data-widget_type=\"image.default\">\n\t\t\t\t<div class=\"elementor-widget-container\">\n\t\t\t\t\t\t\t\t\t\t\t\t\t\t\t<img fetchpriority=\"high\" decoding=\"async\" width=\"600\" height=\"600\" src=\"https:\/\/www.perfektive.com\/wp-content\/uploads\/2018\/08\/Pershare.jpg\" class=\"attachment-full size-full wp-image-2662\" alt=\"\" srcset=\"https:\/\/www.perfektive.com\/wp-content\/uploads\/2018\/08\/Pershare.jpg 600w, https:\/\/www.perfektive.com\/wp-content\/uploads\/2018\/08\/Pershare-300x300.jpg 300w, https:\/\/www.perfektive.com\/wp-content\/uploads\/2018\/08\/Pershare-150x150.jpg 150w, https:\/\/www.perfektive.com\/wp-content\/uploads\/2018\/08\/Pershare-100x100.jpg 100w\" sizes=\"(max-width: 600px) 100vw, 600px\" \/>\t\t\t\t\t\t\t\t\t\t\t\t\t\t\t<\/div>\n\t\t\t\t<\/div>\n\t\t\t\t<\/div>\n\t\t<div class=\"elementor-element elementor-element-d63956d e-con-full e-flex e-con e-child\" data-id=\"d63956d\" data-element_type=\"container\">\n\t\t<div class=\"elementor-element elementor-element-f297c11 e-con-full e-flex e-con e-child\" data-id=\"f297c11\" data-element_type=\"container\">\n\t\t\t\t<div class=\"elementor-element elementor-element-b542102 elementor-widget elementor-widget-heading\" data-id=\"b542102\" data-element_type=\"widget\" data-widget_type=\"heading.default\">\n\t\t\t\t<div class=\"elementor-widget-container\">\n\t\t\t\t\t<h4 class=\"elementor-heading-title elementor-size-default\">KPI-\/Metriken-Management<\/h4>\t\t\t\t<\/div>\n\t\t\t\t<\/div>\n\t\t\t\t<div class=\"elementor-element elementor-element-4b73312 elementor-widget elementor-widget-text-editor\" data-id=\"4b73312\" data-element_type=\"widget\" data-widget_type=\"text-editor.default\">\n\t\t\t\t<div class=\"elementor-widget-container\">\n\t\t\t\t\t\t\t\t\tVerwalten Sie alle ESG- und Nachhaltigkeitsprozesse Ihres Unternehmens mit PerfeGreen, erreichen Sie Ihre Ziele und erstellen Sie einfache Berichte nach globalen Standards.\t\t\t\t\t\t\t\t<\/div>\n\t\t\t\t<\/div>\n\t\t\t\t<\/div>\n\t\t\t\t<div class=\"elementor-element elementor-element-e7d317a elementor-align-right btn-bg elementor-widget elementor-widget-button\" data-id=\"e7d317a\" data-element_type=\"widget\" data-widget_type=\"button.default\">\n\t\t\t\t<div class=\"elementor-widget-container\">\n\t\t\t\t\t\t\t\t\t<div class=\"elementor-button-wrapper\">\n\t\t\t\t\t<a class=\"elementor-button elementor-button-link elementor-size-sm\" href=\"https:\/\/www.perfektive.com\/solutions\/kpi-metric-management\/\">\n\t\t\t\t\t\t<span class=\"elementor-button-content-wrapper\">\n\t\t\t\t\t\t\t\t\t<span class=\"elementor-button-text\">Mehr lesen<\/span>\n\t\t\t\t\t<\/span>\n\t\t\t\t\t<\/a>\n\t\t\t\t<\/div>\n\t\t\t\t\t\t\t\t<\/div>\n\t\t\t\t<\/div>\n\t\t\t\t<\/div>\n\t\t\t\t<\/div>\n\t\t\t\t\t<\/div>\n\t\t\t\t<\/div>\n\t\t<div class=\"elementor-element elementor-element-3599236 e-flex e-con-boxed e-con e-child\" data-id=\"3599236\" data-element_type=\"container\">\n\t\t\t\t\t<div class=\"e-con-inner\">\n\t\t<div class=\"elementor-element elementor-element-710a54d e-flex e-con-boxed e-con e-child\" data-id=\"710a54d\" data-element_type=\"container\" data-settings=\"{&quot;background_background&quot;:&quot;classic&quot;}\">\n\t\t\t\t\t<div class=\"e-con-inner\">\n\t\t<div class=\"elementor-element elementor-element-84eb00b e-con-full e-flex e-con e-child\" data-id=\"84eb00b\" data-element_type=\"container\">\n\t\t\t\t<div class=\"elementor-element elementor-element-a2276a7 elementor-hidden-mobile elementor-widget elementor-widget-image\" data-id=\"a2276a7\" data-element_type=\"widget\" data-widget_type=\"image.default\">\n\t\t\t\t<div class=\"elementor-widget-container\">\n\t\t\t\t\t\t\t\t\t\t\t\t\t\t\t<img decoding=\"async\" width=\"600\" height=\"600\" src=\"https:\/\/www.perfektive.com\/wp-content\/uploads\/2025\/04\/woman-working-as-engineer.jpg\" class=\"attachment-full size-full wp-image-2665\" alt=\"\" srcset=\"https:\/\/www.perfektive.com\/wp-content\/uploads\/2025\/04\/woman-working-as-engineer.jpg 600w, https:\/\/www.perfektive.com\/wp-content\/uploads\/2025\/04\/woman-working-as-engineer-300x300.jpg 300w, https:\/\/www.perfektive.com\/wp-content\/uploads\/2025\/04\/woman-working-as-engineer-150x150.jpg 150w, https:\/\/www.perfektive.com\/wp-content\/uploads\/2025\/04\/woman-working-as-engineer-100x100.jpg 100w\" sizes=\"(max-width: 600px) 100vw, 600px\" \/>\t\t\t\t\t\t\t\t\t\t\t\t\t\t\t<\/div>\n\t\t\t\t<\/div>\n\t\t\t\t<\/div>\n\t\t<div class=\"elementor-element elementor-element-83c949e e-con-full e-flex e-con e-child\" data-id=\"83c949e\" data-element_type=\"container\">\n\t\t<div class=\"elementor-element elementor-element-a9b2e88 e-con-full e-flex e-con e-child\" data-id=\"a9b2e88\" data-element_type=\"container\">\n\t\t\t\t<div class=\"elementor-element elementor-element-f5edb96 elementor-widget elementor-widget-heading\" data-id=\"f5edb96\" data-element_type=\"widget\" data-widget_type=\"heading.default\">\n\t\t\t\t<div class=\"elementor-widget-container\">\n\t\t\t\t\t<h4 class=\"elementor-heading-title elementor-size-default\">Zus\u00e4tzliche Module<\/h4>\t\t\t\t<\/div>\n\t\t\t\t<\/div>\n\t\t\t\t<div class=\"elementor-element elementor-element-686609e elementor-widget-mobile__width-inherit elementor-widget elementor-widget-text-editor\" data-id=\"686609e\" data-element_type=\"widget\" data-widget_type=\"text-editor.default\">\n\t\t\t\t<div class=\"elementor-widget-container\">\n\t\t\t\t\t\t\t\t\tIm Laufe der Jahre haben wir \u00fcber 170 Module entwickelt, um die HSE-Anforderungen unserer Kunden zu erf\u00fcllen.\t\t\t\t\t\t\t\t<\/div>\n\t\t\t\t<\/div>\n\t\t\t\t<\/div>\n\t\t\t\t<div class=\"elementor-element elementor-element-d15bd71 elementor-align-right btn-bg elementor-widget elementor-widget-button\" data-id=\"d15bd71\" data-element_type=\"widget\" data-widget_type=\"button.default\">\n\t\t\t\t<div class=\"elementor-widget-container\">\n\t\t\t\t\t\t\t\t\t<div class=\"elementor-button-wrapper\">\n\t\t\t\t\t<a class=\"elementor-button elementor-button-link elementor-size-sm\" href=\"https:\/\/www.perfektive.com\/solutions\/additional-modules\/\">\n\t\t\t\t\t\t<span class=\"elementor-button-content-wrapper\">\n\t\t\t\t\t\t\t\t\t<span class=\"elementor-button-text\">Mehr lesen<\/span>\n\t\t\t\t\t<\/span>\n\t\t\t\t\t<\/a>\n\t\t\t\t<\/div>\n\t\t\t\t\t\t\t\t<\/div>\n\t\t\t\t<\/div>\n\t\t\t\t<\/div>\n\t\t\t\t\t<\/div>\n\t\t\t\t<\/div>\n\t\t\t\t\t<\/div>\n\t\t\t\t<\/div>\n\t\t<div class=\"elementor-element elementor-element-f783be5 e-flex e-con-boxed e-con e-child\" data-id=\"f783be5\" data-element_type=\"container\">\n\t\t\t\t\t<div class=\"e-con-inner\">\n\t\t<div class=\"elementor-element elementor-element-fa24f43 e-flex e-con-boxed e-con e-child\" data-id=\"fa24f43\" data-element_type=\"container\" data-settings=\"{&quot;background_background&quot;:&quot;classic&quot;}\">\n\t\t\t\t\t<div class=\"e-con-inner\">\n\t\t<div class=\"elementor-element elementor-element-c9e9976 e-con-full e-flex e-con e-child\" data-id=\"c9e9976\" data-element_type=\"container\">\n\t\t\t\t<div class=\"elementor-element elementor-element-a79e686 elementor-hidden-mobile elementor-widget elementor-widget-image\" data-id=\"a79e686\" data-element_type=\"widget\" data-widget_type=\"image.default\">\n\t\t\t\t<div class=\"elementor-widget-container\">\n\t\t\t\t\t\t\t\t\t\t\t\t\t\t\t<img decoding=\"async\" width=\"600\" height=\"600\" src=\"https:\/\/www.perfektive.com\/wp-content\/uploads\/2025\/04\/solutuion3.jpg\" class=\"attachment-full size-full wp-image-2666\" alt=\"\" srcset=\"https:\/\/www.perfektive.com\/wp-content\/uploads\/2025\/04\/solutuion3.jpg 600w, https:\/\/www.perfektive.com\/wp-content\/uploads\/2025\/04\/solutuion3-300x300.jpg 300w, https:\/\/www.perfektive.com\/wp-content\/uploads\/2025\/04\/solutuion3-150x150.jpg 150w, https:\/\/www.perfektive.com\/wp-content\/uploads\/2025\/04\/solutuion3-100x100.jpg 100w\" sizes=\"(max-width: 600px) 100vw, 600px\" \/>\t\t\t\t\t\t\t\t\t\t\t\t\t\t\t<\/div>\n\t\t\t\t<\/div>\n\t\t\t\t<\/div>\n\t\t<div class=\"elementor-element elementor-element-939752a e-con-full e-flex e-con e-child\" data-id=\"939752a\" data-element_type=\"container\">\n\t\t<div class=\"elementor-element elementor-element-de6e3c0 e-con-full e-flex e-con e-child\" data-id=\"de6e3c0\" data-element_type=\"container\">\n\t\t\t\t<div class=\"elementor-element elementor-element-9cd369c elementor-widget elementor-widget-heading\" data-id=\"9cd369c\" data-element_type=\"widget\" data-widget_type=\"heading.default\">\n\t\t\t\t<div class=\"elementor-widget-container\">\n\t\t\t\t\t<h4 class=\"elementor-heading-title elementor-size-default\">Integrationen<\/h4>\t\t\t\t<\/div>\n\t\t\t\t<\/div>\n\t\t\t\t<div class=\"elementor-element elementor-element-c8ec7da elementor-widget-mobile__width-inherit elementor-widget elementor-widget-text-editor\" data-id=\"c8ec7da\" data-element_type=\"widget\" data-widget_type=\"text-editor.default\">\n\t\t\t\t<div class=\"elementor-widget-container\">\n\t\t\t\t\t\t\t\t\tWir bieten eine umfangreiche Liste an Integrationsservices, von HR-ERPs bis hin zu Anlagenmanagementsystemen.\t\t\t\t\t\t\t\t<\/div>\n\t\t\t\t<\/div>\n\t\t\t\t<\/div>\n\t\t\t\t<div class=\"elementor-element elementor-element-d9a8ff1 elementor-align-right btn-bg elementor-widget elementor-widget-button\" data-id=\"d9a8ff1\" data-element_type=\"widget\" data-widget_type=\"button.default\">\n\t\t\t\t<div class=\"elementor-widget-container\">\n\t\t\t\t\t\t\t\t\t<div class=\"elementor-button-wrapper\">\n\t\t\t\t\t<a class=\"elementor-button elementor-button-link elementor-size-sm\" href=\"https:\/\/www.perfektive.com\/solutions\/integrations\/\">\n\t\t\t\t\t\t<span class=\"elementor-button-content-wrapper\">\n\t\t\t\t\t\t\t\t\t<span class=\"elementor-button-text\">Mehr lesen<\/span>\n\t\t\t\t\t<\/span>\n\t\t\t\t\t<\/a>\n\t\t\t\t<\/div>\n\t\t\t\t\t\t\t\t<\/div>\n\t\t\t\t<\/div>\n\t\t\t\t<\/div>\n\t\t\t\t\t<\/div>\n\t\t\t\t<\/div>\n\t\t\t\t\t<\/div>\n\t\t\t\t<\/div>\n\t\t\t\t\t<\/div>\n\t\t\t\t<\/div>\n\t\t\t\t<\/div>\n\t\t","protected":false},"excerpt":{"rendered":"<p>KPI-\/Metriken-Management Verwalten Sie alle ESG- und Nachhaltigkeitsprozesse Ihres Unternehmens mit PerfeGreen, erreichen Sie Ihre Ziele und erstellen Sie einfache Berichte nach globalen Standards. Mehr lesen Zus\u00e4tzliche Module Im Laufe der Jahre haben wir \u00fcber 170 Module entwickelt, um die HSE-Anforderungen unserer Kunden zu erf\u00fcllen. Mehr lesen Integrationen Wir bieten eine umfangreiche Liste an Integrationsservices, von [&hellip;]<\/p>\n","protected":false},"author":2,"featured_media":0,"parent":0,"menu_order":0,"comment_status":"closed","ping_status":"closed","template":"","meta":{"footnotes":""},"class_list":["post-2798","page","type-page","status-publish","hentry"],"_links":{"self":[{"href":"https:\/\/www.perfektive.com\/de\/wp-json\/wp\/v2\/pages\/2798","targetHints":{"allow":["GET"]}}],"collection":[{"href":"https:\/\/www.perfektive.com\/de\/wp-json\/wp\/v2\/pages"}],"about":[{"href":"https:\/\/www.perfektive.com\/de\/wp-json\/wp\/v2\/types\/page"}],"author":[{"embeddable":true,"href":"https:\/\/www.perfektive.com\/de\/wp-json\/wp\/v2\/users\/2"}],"replies":[{"embeddable":true,"href":"https:\/\/www.perfektive.com\/de\/wp-json\/wp\/v2\/comments?post=2798"}],"version-history":[{"count":1,"href":"https:\/\/www.perfektive.com\/de\/wp-json\/wp\/v2\/pages\/2798\/revisions"}],"predecessor-version":[{"id":2799,"href":"https:\/\/www.perfektive.com\/de\/wp-json\/wp\/v2\/pages\/2798\/revisions\/2799"}],"wp:attachment":[{"href":"https:\/\/www.perfektive.com\/de\/wp-json\/wp\/v2\/media?parent=2798"}],"curies":[{"name":"wp","href":"https:\/\/api.w.org\/{rel}","templated":true}]}}